{"id":22,"date":"2019-08-12T17:35:42","date_gmt":"2019-08-12T17:35:42","guid":{"rendered":"https:\/\/aquecedoresgasterm.com\/?page_id=22"},"modified":"2019-08-26T13:26:40","modified_gmt":"2019-08-26T13:26:40","slug":"inicio","status":"publish","type":"page","link":"https:\/\/aquecedoresgasterm.com\/","title":{"rendered":"P\u00e1gina Inicial"},"content":{"rendered":"\t<section class=\"section\" id=\"section_880334721\">\n\t\t<div class=\"bg section-bg fill bg-fill  bg-loaded\" >\n\n\t\t\t\n\t\t\t\n\t\t\t\n\n\t\t<\/div><!-- .section-bg -->\n\n\t\t<div class=\"section-content relative\">\n\t\t\t\n<div class=\"slider-wrapper relative \" id=\"slider-587225683\" >\n    <div class=\"slider slider-nav-circle slider-nav-large slider-nav-light slider-style-normal\"\n        data-flickity-options='{\n            \"cellAlign\": \"center\",\n            \"imagesLoaded\": true,\n            \"lazyLoad\": 1,\n            \"freeScroll\": false,\n            \"wrapAround\": true,\n            \"autoPlay\": 5000,\n            \"pauseAutoPlayOnHover\" : true,\n            \"prevNextButtons\": true,\n            \"contain\" : true,\n            \"adaptiveHeight\" : true,\n            \"dragThreshold\" : 10,\n            \"percentPosition\": true,\n            \"pageDots\": true,\n            \"rightToLeft\": false,\n            \"draggable\": true,\n            \"selectedAttraction\": 0.1,\n            \"parallax\" : 0,\n            \"friction\": 0.6        }'\n        >\n        \n\t<div class=\"img has-hover x md-x lg-x y md-y lg-y\" id=\"image_2017508696\">\n\t\t\t\t\t\t\t\t<div class=\"img-inner dark\" >\n\t\t\t<img fetchpriority=\"high\" decoding=\"async\" width=\"1020\" height=\"287\" src=\"https:\/\/aquecedoresgasterm.com\/wp-content\/uploads\/2019\/08\/b2-1-1024x288.png\" class=\"attachment-large size-large\" alt=\"\" srcset=\"https:\/\/aquecedoresgasterm.com\/wp-content\/uploads\/2019\/08\/b2-1-1024x288.png 1024w, https:\/\/aquecedoresgasterm.com\/wp-content\/uploads\/2019\/08\/b2-1-300x84.png 300w, https:\/\/aquecedoresgasterm.com\/wp-content\/uploads\/2019\/08\/b2-1-768x216.png 768w, https:\/\/aquecedoresgasterm.com\/wp-content\/uploads\/2019\/08\/b2-1.png 1500w\" sizes=\"(max-width: 1020px) 100vw, 1020px\" \/>\t\t\t\t\t\t\n\t\t\t\t\t<\/div>\n\t\t\t\t\t\t\t\t\n<style scope=\"scope\">\n\n#image_2017508696 {\n  width: 100%;\n}\n<\/style>\n\t<\/div>\n\t\n\t<div class=\"img has-hover x md-x lg-x y md-y lg-y\" id=\"image_583014805\">\n\t\t\t\t\t\t\t\t<div class=\"img-inner image-cover dark\" style=\"padding-top:29%;\">\n\t\t\t<img decoding=\"async\" width=\"5254\" height=\"1890\" src=\"https:\/\/aquecedoresgasterm.com\/wp-content\/uploads\/2019\/08\/banner1.png\" class=\"attachment-original size-original\" alt=\"\" srcset=\"https:\/\/aquecedoresgasterm.com\/wp-content\/uploads\/2019\/08\/banner1.png 5254w, https:\/\/aquecedoresgasterm.com\/wp-content\/uploads\/2019\/08\/banner1-300x108.png 300w, https:\/\/aquecedoresgasterm.com\/wp-content\/uploads\/2019\/08\/banner1-768x276.png 768w, https:\/\/aquecedoresgasterm.com\/wp-content\/uploads\/2019\/08\/banner1-1024x368.png 1024w, https:\/\/aquecedoresgasterm.com\/wp-content\/uploads\/2019\/08\/banner1-24x9.png 24w, https:\/\/aquecedoresgasterm.com\/wp-content\/uploads\/2019\/08\/banner1-36x13.png 36w, https:\/\/aquecedoresgasterm.com\/wp-content\/uploads\/2019\/08\/banner1-48x17.png 48w\" sizes=\"(max-width: 5254px) 100vw, 5254px\" \/>\t\t\t\t\t\t\n\t\t\t\t\t<\/div>\n\t\t\t\t\t\t\t\t\n<style scope=\"scope\">\n\n#image_583014805 {\n  width: 100%;\n}\n<\/style>\n\t<\/div>\n\t\n\t<div class=\"img has-hover x md-x lg-x y md-y lg-y\" id=\"image_1399846706\">\n\t\t\t\t\t\t\t\t<div class=\"img-inner dark\" >\n\t\t\t<img decoding=\"async\" width=\"1350\" height=\"380\" src=\"https:\/\/aquecedoresgasterm.com\/wp-content\/uploads\/2019\/08\/banners-11.png\" class=\"attachment-original size-original\" alt=\"\" srcset=\"https:\/\/aquecedoresgasterm.com\/wp-content\/uploads\/2019\/08\/banners-11.png 1350w, https:\/\/aquecedoresgasterm.com\/wp-content\/uploads\/2019\/08\/banners-11-300x84.png 300w, https:\/\/aquecedoresgasterm.com\/wp-content\/uploads\/2019\/08\/banners-11-768x216.png 768w, https:\/\/aquecedoresgasterm.com\/wp-content\/uploads\/2019\/08\/banners-11-1024x288.png 1024w\" sizes=\"(max-width: 1350px) 100vw, 1350px\" \/>\t\t\t\t\t\t\n\t\t\t\t\t<\/div>\n\t\t\t\t\t\t\t\t\n<style scope=\"scope\">\n\n#image_1399846706 {\n  width: 100%;\n}\n<\/style>\n\t<\/div>\n\t\n     <\/div>\n\n     <div class=\"loading-spin dark large centered\"><\/div>\n\n     <style scope=\"scope\">\n             <\/style>\n<\/div><!-- .ux-slider-wrapper -->\n\n\n\t\t<\/div><!-- .section-content -->\n\n\t\t\n<style scope=\"scope\">\n\n#section_880334721 {\n  padding-top: 30px;\n  padding-bottom: 30px;\n}\n<\/style>\n\t<\/section>\n\t\n<h4 style=\"text-align: center;\"><span style=\"font-size: 130%;\">Assist\u00eancia t\u00e9cnica para Aquecedores e Duchas Kdt e Cardal, eletr\u00f4nicos, digitais, modelos atl\u00e2ntico, 12T Digitais 1,2 e 3.\u00a0 Manuten\u00e7\u00e3o para todos os aquecedores e Duchas KDT.<\/span><\/h4>\n<p style=\"text-align: center;\"><span style=\"font-size: 170%; color: #000000;\">(11)<strong> 2769-1483\u00a0 \u00a0\u00a0<\/strong><strong> (11) 9.8872-7944\u00a0 PLANT\u00c3O<\/strong><\/span><\/p>\n<div id=\"top-bar\" class=\"header-top hide-for-sticky nav-dark flex-has-center\">\n<div class=\"flex-row container\">\n<div class=\"flex-col hide-for-medium flex-right\">\u00a0<\/div>\n<\/div>\n<\/div>\n<div id=\"masthead\" class=\"header-main \">\n<div class=\"header-inner flex-row container logo-left medium-logo-center\" role=\"navigation\">\n<div id=\"logo\" class=\"flex-col logo\">\u00a0<\/div>\n<\/div>\n<\/div>\n\t<section class=\"section\" id=\"section_1144692830\">\n\t\t<div class=\"bg section-bg fill bg-fill  bg-loaded\" >\n\n\t\t\t\n\t\t\t\n\t\t\t\n\n\t\t<\/div><!-- .section-bg -->\n\n\t\t<div class=\"section-content relative\">\n\t\t\t\n<div class=\"row\"  id=\"row-9089270\">\n<div class=\"col medium-4 small-12 large-4\"  ><div class=\"col-inner text-center text-shadow-5 dark\" style=\"background-color:#446084;\" >\n<p><span style=\"font-size: 160%;\">Assist\u00eancia T\u00e9cnica<\/span><\/p>\n<\/div><\/div>\n<div class=\"col medium-4 small-12 large-4\"  ><div class=\"col-inner text-center\" style=\"background-color:#446084;\" >\n<p><span style=\"font-size: 160%; color: #ffffff;\">Aquecedores e Duchas KDT<\/span><\/p>\n<\/div><\/div>\n<div class=\"col medium-4 small-12 large-4\"  ><div class=\"col-inner text-center\" style=\"background-color:#446084;\" >\n<p><span style=\"font-size: 160%; color: #ffffff;\">Aquecedores Cardal<\/span><\/p>\n<\/div><\/div>\n<\/div>\n\t\t<\/div><!-- .section-content -->\n\n\t\t\n<style scope=\"scope\">\n\n#section_1144692830 {\n  padding-top: 30px;\n  padding-bottom: 30px;\n}\n<\/style>\n\t<\/section>\n\t\n\t<section class=\"section\" id=\"section_114976969\">\n\t\t<div class=\"bg section-bg fill bg-fill  bg-loaded\" >\n\n\t\t\t\n\t\t\t\n\t\t\t\n\n\t\t<\/div><!-- .section-bg -->\n\n\t\t<div class=\"section-content relative\">\n\t\t\t\n<p style=\"text-align: center;\"><span style=\"font-size: 140%; color: #ffffff;\">Nosso Endere\u00e7o:\u00a0 Rua Planeta 332, Cep 03376-010\u00a0 |\u00a0 Ch\u00e1cara Belenzinho &#8211; S\u00e3o Paulo<\/span><\/p>\n\t\t<\/div><!-- .section-content -->\n\n\t\t\n<style scope=\"scope\">\n\n#section_114976969 {\n  padding-top: 1px;\n  padding-bottom: 1px;\n  background-color: #446084;\n}\n<\/style>\n\t<\/section>\n\t\n\t<section class=\"section\" id=\"section_1720258521\">\n\t\t<div class=\"bg section-bg fill bg-fill  bg-loaded\" >\n\n\t\t\t\n\t\t\t\n\t\t\t\n\n\t\t<\/div><!-- .section-bg -->\n\n\t\t<div class=\"section-content relative\">\n\t\t\t\n<div class=\"row align-center\"  id=\"row-1239742127\">\n<div class=\"col medium-10 small-12 large-10\"  ><div class=\"col-inner\"  >\n<p><iframe style=\"border: 0;\" src=\"https:\/\/www.google.com\/maps\/embed?pb=!1m18!1m12!1m3!1d14627.037490138402!2d-46.54486290809349!3d-23.57708418012432!2m3!1f0!2f0!3f0!3m2!1i1024!2i768!4f13.1!3m3!1m2!1s0x94ce5db9d73335bd%3A0x26bbbf50752f76e5!2sR.+Planeta%2C+332+-+Ch%C3%A1cara+Belenzinho%2C+S%C3%A3o+Paulo+-+SP%2C+03376-010!5e0!3m2!1spt-BR!2sbr!4v1565640767404!5m2!1spt-BR!2sbr\" width=\"1200\" height=\"600\" frameborder=\"0\" allowfullscreen=\"allowfullscreen\"><\/iframe><\/p>\n<\/div><\/div>\n\n<style scope=\"scope\">\n\n<\/style>\n<\/div>\n\t\t<\/div><!-- .section-content -->\n\n\t\t\n<style scope=\"scope\">\n\n#section_1720258521 {\n  padding-top: 30px;\n  padding-bottom: 30px;\n}\n<\/style>\n\t<\/section>\n\t\n","protected":false},"excerpt":{"rendered":"<p>Assist\u00eancia t\u00e9cnica para Aquecedores e Duchas Kdt e Cardal, eletr\u00f4nicos, digitais, modelos atl\u00e2ntico, 12T Digitais 1,2 e 3.\u00a0 Manuten\u00e7\u00e3o para todos os aquecedores e Duchas KDT. (11) 2769-1483\u00a0 \u00a0\u00a0 (11) 9.8872-7944\u00a0 PLANT\u00c3O \u00a0 \u00a0<\/p>\n","protected":false},"author":1,"featured_media":0,"parent":0,"menu_order":0,"comment_status":"closed","ping_status":"closed","template":"page-blank.php","meta":{"footnotes":""},"class_list":["post-22","page","type-page","status-publish","hentry"],"_links":{"self":[{"href":"https:\/\/aquecedoresgasterm.com\/index.php?rest_route=\/wp\/v2\/pages\/22","targetHints":{"allow":["GET"]}}],"collection":[{"href":"https:\/\/aquecedoresgasterm.com\/index.php?rest_route=\/wp\/v2\/pages"}],"about":[{"href":"https:\/\/aquecedoresgasterm.com\/index.php?rest_route=\/wp\/v2\/types\/page"}],"author":[{"embeddable":true,"href":"https:\/\/aquecedoresgasterm.com\/index.php?rest_route=\/wp\/v2\/users\/1"}],"replies":[{"embeddable":true,"href":"https:\/\/aquecedoresgasterm.com\/index.php?rest_route=%2Fwp%2Fv2%2Fcomments&post=22"}],"version-history":[{"count":0,"href":"https:\/\/aquecedoresgasterm.com\/index.php?rest_route=\/wp\/v2\/pages\/22\/revisions"}],"wp:attachment":[{"href":"https:\/\/aquecedoresgasterm.com\/index.php?rest_route=%2Fwp%2Fv2%2Fmedia&parent=22"}],"curies":[{"name":"wp","href":"https:\/\/api.w.org\/{rel}","templated":true}]}}